{"id":560,"date":"2015-04-10T10:20:23","date_gmt":"2015-04-10T10:20:23","guid":{"rendered":"http:\/\/www.centrosanfedele.it\/?page_id=560"},"modified":"2021-05-12T09:06:13","modified_gmt":"2021-05-12T09:06:13","slug":"neuropsichiatria-infantile-2","status":"publish","type":"page","link":"https:\/\/www.centrosanfedele.it\/?page_id=560","title":{"rendered":"Neuropsichiatria Infantile"},"content":{"rendered":"<p>Presso il Nostro Centro \u00e8 attiva un&#8217;Equipe di Neuropsichiatria Infantile accreditata con le ASL di Como, Lecco e Monza per la diagnosi di DSA -Disturbi Specifici d&#8217;Apprendimento: dislessia, disortografia, disgrafia, discalculia-, BES -Bisogni Educativi Speciali-, Difficolt\u00e0 Scolastiche e Disturbi del Linguaggio .<\/p>\n<p>L&#8217;equipe multidisciplinare \u00e8 dunque autorizzate ad effettuare attivit\u00e0 di certificazione diagnostica di DSA o BES valida ai fini scolastici, ai sensi della L. 170\/2010. Tale certificazione va poi consegnata alla scuola frequentata dal bambino ed \u00e8 utile ai fini della stesura\u00a0del\u00a0PDP -Piano Didattico Personalizzato- \u00a0un contratto tra famiglia, scuola e istituzioni socio-sanitarie, che ha lo scopo di organizzare un percorso mirato nel quale vengono soprattutto definiti gli strumenti compensativi e dispensativi che aiutano alla realizzazione del successo scolastico degli studenti con DSA, BES, Difficolt\u00e0 Scolastiche, Disturbi del Linguaggio<\/p>\n<p>L&#8217;equipe del Centro San Fedele si occupa di:<\/p>\n<ul>\n<li>Valutazione e Riabilitazione<\/li>\n<li>Certificazione diagnostica<\/li>\n<li>Individuazione di Strategie di Apprendimento personalizzate, indicando gli strumenti compensativi e dispensativi da inserire nel PDP<\/li>\n<li>Consulenza Psicoeducativa ai genitori<\/li>\n<li>Logopedia<\/li>\n<\/ul>\n<p>&nbsp;<\/p>\n<p><a href=\"http:\/\/www.centrosanfedele.it\/?attachment_id=573\" rel=\"attachment wp-att-573\"><img loading=\"lazy\" class=\"  wp-image-573 aligncenter\" src=\"http:\/\/www.centrosanfedele.it\/wp-content\/uploads\/2015\/04\/VOLANTINO-equipe-dsa.jpg\" alt=\"VOLANTINO equipe dsa\" width=\"313\" height=\"417\" srcset=\"https:\/\/www.centrosanfedele.it\/wp-content\/uploads\/2015\/04\/VOLANTINO-equipe-dsa.jpg 720w, https:\/\/www.centrosanfedele.it\/wp-content\/uploads\/2015\/04\/VOLANTINO-equipe-dsa-225x300.jpg 225w\" sizes=\"(max-width: 313px) 100vw, 313px\" \/><\/a><\/p>\n","protected":false},"excerpt":{"rendered":"<p>Presso il Nostro Centro \u00e8 attiva un&#8217;Equipe di Neuropsichiatria Infantile accreditata con le ASL di Como, Lecco e Monza per la diagnosi di DSA -Disturbi Specifici d&#8217;Apprendimento: dislessia, disortografia, disgrafia, discalculia-, BES -Bisogni Educativi Speciali-, Difficolt\u00e0 Scolastiche e Disturbi del Linguaggio . L&#8217;equipe multidisciplinare \u00e8 dunque autorizzate ad effettuare attivit\u00e0 di certificazione diagnostica di DSA <a href=\"https:\/\/www.centrosanfedele.it\/?page_id=560\"> read more <span class=\"meta-nav\">&raquo;<\/span><\/a><\/p>\n","protected":false},"author":6,"featured_media":0,"parent":0,"menu_order":0,"comment_status":"open","ping_status":"closed","template":"","meta":[],"_links":{"self":[{"href":"https:\/\/www.centrosanfedele.it\/index.php?rest_route=\/wp\/v2\/pages\/560"}],"collection":[{"href":"https:\/\/www.centrosanfedele.it\/index.php?rest_route=\/wp\/v2\/pages"}],"about":[{"href":"https:\/\/www.centrosanfedele.it\/index.php?rest_route=\/wp\/v2\/types\/page"}],"author":[{"embeddable":true,"href":"https:\/\/www.centrosanfedele.it\/index.php?rest_route=\/wp\/v2\/users\/6"}],"replies":[{"embeddable":true,"href":"https:\/\/www.centrosanfedele.it\/index.php?rest_route=%2Fwp%2Fv2%2Fcomments&post=560"}],"version-history":[{"count":2,"href":"https:\/\/www.centrosanfedele.it\/index.php?rest_route=\/wp\/v2\/pages\/560\/revisions"}],"predecessor-version":[{"id":575,"href":"https:\/\/www.centrosanfedele.it\/index.php?rest_route=\/wp\/v2\/pages\/560\/revisions\/575"}],"wp:attachment":[{"href":"https:\/\/www.centrosanfedele.it\/index.php?rest_route=%2Fwp%2Fv2%2Fmedia&parent=560"}],"curies":[{"name":"wp","href":"https:\/\/api.w.org\/{rel}","templated":true}]}}